{"id":1009,"date":"2021-09-12T23:32:34","date_gmt":"2021-09-12T23:32:34","guid":{"rendered":"https:\/\/www.chjl.org\/covid19\/?page_id=1009"},"modified":"2021-09-23T17:24:02","modified_gmt":"2021-09-23T17:24:02","slug":"vacuna-covid-19-101-2","status":"publish","type":"page","link":"https:\/\/www.chjl.org\/covid19\/es\/vacuna-covid-19-101-2\/","title":{"rendered":"Vacuna COVID-19 101"},"content":{"rendered":"\t\t<div data-elementor-type=\"wp-page\" data-elementor-id=\"1009\" class=\"elementor elementor-1009\" data-elementor-settings=\"[]\">\n\t\t\t\t\t\t\t<div class=\"elementor-section-wrap\">\n\t\t\t\t\t\t\t<section class=\"elementor-section elementor-top-section elementor-element elementor-element-885ee6a elementor-section-content-middle elementor-section-boxed elementor-section-height-default elementor-section-height-default\" data-id=\"885ee6a\" data-element_type=\"section\">\n\t\t\t\t\t\t<div class=\"elementor-container elementor-column-gap-no\">\n\t\t\t\t\t<div class=\"elementor-column elementor-col-50 elementor-top-column elementor-element elementor-element-7523ad6\" data-id=\"7523ad6\" data-element_type=\"column\">\n\t\t\t<div class=\"elementor-widget-wrap elementor-element-populated\">\n\t\t\t\t\t\t\t\t<div class=\"elementor-element elementor-element-5012835 elementor-widget elementor-widget-heading\" data-id=\"5012835\" data-element_type=\"widget\" data-widget_type=\"heading.default\">\n\t\t\t\t<div class=\"elementor-widget-container\">\n\t\t\t<h3 class=\"elementor-heading-title elementor-size-default\">Vacuna COVID-19 101<\/h3>\t\t<\/div>\n\t\t\t\t<\/div>\n\t\t\t\t<div class=\"elementor-element elementor-element-e256b18 elementor-widget-divider--view-line elementor-widget elementor-widget-divider\" data-id=\"e256b18\" data-element_type=\"widget\" data-widget_type=\"divider.default\">\n\t\t\t\t<div class=\"elementor-widget-container\">\n\t\t\t\t\t<div class=\"elementor-divider\">\n\t\t\t<span class=\"elementor-divider-separator\">\n\t\t\t\t\t\t<\/span>\n\t\t<\/div>\n\t\t\t\t<\/div>\n\t\t\t\t<\/div>\n\t\t\t\t<div class=\"elementor-element elementor-element-e854cec elementor-widget elementor-widget-image\" data-id=\"e854cec\" data-element_type=\"widget\" data-widget_type=\"image.default\">\n\t\t\t\t<div class=\"elementor-widget-container\">\n\t\t\t\t\t\t\t\t\t\t\t\t\t\t\t<img width=\"673\" height=\"449\" src=\"https:\/\/www.chjl.org\/covid19\/wp-content\/uploads\/2021\/06\/covid_vaccine.jpg\" class=\"attachment-large size-large\" alt=\"\" loading=\"lazy\" srcset=\"https:\/\/www.chjl.org\/covid19\/wp-content\/uploads\/2021\/06\/covid_vaccine.jpg 673w, https:\/\/www.chjl.org\/covid19\/wp-content\/uploads\/2021\/06\/covid_vaccine-300x200.jpg 300w\" sizes=\"(max-width: 673px) 100vw, 673px\" \/>\t\t\t\t\t\t\t\t\t\t\t\t\t\t\t<\/div>\n\t\t\t\t<\/div>\n\t\t\t\t\t<\/div>\n\t\t<\/div>\n\t\t\t\t<div class=\"elementor-column elementor-col-50 elementor-top-column elementor-element elementor-element-113b79d\" data-id=\"113b79d\" data-element_type=\"column\">\n\t\t\t<div class=\"elementor-widget-wrap elementor-element-populated\">\n\t\t\t\t\t\t\t\t<div class=\"elementor-element elementor-element-8f5fdc5 elementor-aspect-ratio-169 elementor-widget elementor-widget-video\" data-id=\"8f5fdc5\" data-element_type=\"widget\" data-settings=\"{&quot;youtube_url&quot;:&quot;https:\\\/\\\/www.youtube.com\\\/watch?v=Gne1guOCihI&quot;,&quot;video_type&quot;:&quot;youtube&quot;,&quot;aspect_ratio&quot;:&quot;169&quot;}\" data-widget_type=\"video.default\">\n\t\t\t\t<div class=\"elementor-widget-container\">\n\t\t\t\t\t<div class=\"elementor-wrapper elementor-fit-aspect-ratio elementor-open-inline\">\n\t\t\t<div class=\"elementor-video\"><\/div>\t\t<\/div>\n\t\t\t\t<\/div>\n\t\t\t\t<\/div>\n\t\t\t\t<div class=\"elementor-element elementor-element-f638833 elementor-widget elementor-widget-heading\" data-id=\"f638833\" data-element_type=\"widget\" data-widget_type=\"heading.default\">\n\t\t\t\t<div class=\"elementor-widget-container\">\n\t\t\t<h2 class=\"elementor-heading-title elementor-size-default\">\u00bfQu\u00e9 es una vacuna? <\/h2>\t\t<\/div>\n\t\t\t\t<\/div>\n\t\t\t\t<div class=\"elementor-element elementor-element-c349f79 elementor-widget elementor-widget-text-editor\" data-id=\"c349f79\" data-element_type=\"widget\" data-widget_type=\"text-editor.default\">\n\t\t\t\t<div class=\"elementor-widget-container\">\n\t\t\t\t\t\t\tUna vacuna es un tipo de preparaci\u00f3n biol\u00f3gica  que entrena al sistema inmunol\u00f3gico para combatir una enfermedad (como virus o bacterias). Esto ayuda al sistema inmunol\u00f3gico a reconocer y atacar la infecci\u00f3n, cuando no ha estado expuesto anteriormente. Las vacunas son importantes para mantener una buena salud del cuerpo y nos protege de las enfermedades infecciosas.\t\t\t\t\t\t<\/div>\n\t\t\t\t<\/div>\n\t\t\t\t<div class=\"elementor-element elementor-element-610c091 elementor-widget elementor-widget-heading\" data-id=\"610c091\" data-element_type=\"widget\" data-widget_type=\"heading.default\">\n\t\t\t\t<div class=\"elementor-widget-container\">\n\t\t\t<h2 class=\"elementor-heading-title elementor-size-default\">\u00bfC\u00f3mo funciona la vacuna de COVID-19?<\/h2>\t\t<\/div>\n\t\t\t\t<\/div>\n\t\t\t\t<div class=\"elementor-element elementor-element-aa1eb4f elementor-widget elementor-widget-text-editor\" data-id=\"aa1eb4f\" data-element_type=\"widget\" data-widget_type=\"text-editor.default\">\n\t\t\t\t<div class=\"elementor-widget-container\">\n\t\t\t\t\t\t\t<p>Todas las vacunas contienen solo una o m\u00e1s caracter\u00edsticas clave de un virus. Para la vacuna COVID-19, esta caracter\u00edstica se llama &#8220;prote\u00ednas de esp\u00edcula&#8221;. Esto funciona utilizando una t\u00e9cnica conocida como RNA mensajero o mRNA. Las vacunas de mRNA de COVID-19 dan a sus c\u00e9lulas instrucciones para crear una r\u00e9plica inofensiva de esta prote\u00edna. Esto estimula su sistema inmunol\u00f3gico para producir sus propios anticuerpos. \u00a0<\/p>\t\t\t\t\t\t<\/div>\n\t\t\t\t<\/div>\n\t\t\t\t<div class=\"elementor-element elementor-element-4d54969 elementor-widget elementor-widget-heading\" data-id=\"4d54969\" data-element_type=\"widget\" data-widget_type=\"heading.default\">\n\t\t\t\t<div class=\"elementor-widget-container\">\n\t\t\t<h2 class=\"elementor-heading-title elementor-size-default\">\u00bfCu\u00e1nto se demora la vacuna en tomar efecto?<\/h2>\t\t<\/div>\n\t\t\t\t<\/div>\n\t\t\t\t<div class=\"elementor-element elementor-element-fab5fa7 elementor-widget elementor-widget-text-editor\" data-id=\"fab5fa7\" data-element_type=\"widget\" data-widget_type=\"text-editor.default\">\n\t\t\t\t<div class=\"elementor-widget-container\">\n\t\t\t\t\t\t\tSe necesitan dos dosis para cada una de las vacunas del COVID-19 [aprobadas en los Estados Unidos]:\n<ul>\n \t<li>Moderna y Pfizer y la protecci\u00f3n comienza aproximadamente una semana despu\u00e9s de la segunda dosis.<\/li>\n<\/ul>\nSe necesita una dosis para:\n<ul>\n \t<li>Johnson &amp; Johnson Jassen y las personas tuvieron la mayor protecci\u00f3n dos semanas despu\u00e9s de vacunarse<\/li>\n<\/ul>\t\t\t\t\t\t<\/div>\n\t\t\t\t<\/div>\n\t\t\t\t<div class=\"elementor-element elementor-element-467df81 elementor-widget elementor-widget-heading\" data-id=\"467df81\" data-element_type=\"widget\" data-widget_type=\"heading.default\">\n\t\t\t\t<div class=\"elementor-widget-container\">\n\t\t\t<h2 class=\"elementor-heading-title elementor-size-default\"> \u00bfSe puede confiar en una vacuna ya que lleg\u00f3 al mercado tan r\u00e1pido?<\/h2>\t\t<\/div>\n\t\t\t\t<\/div>\n\t\t\t\t<div class=\"elementor-element elementor-element-002c792 elementor-widget elementor-widget-text-editor\" data-id=\"002c792\" data-element_type=\"widget\" data-widget_type=\"text-editor.default\">\n\t\t\t\t<div class=\"elementor-widget-container\">\n\t\t\t\t\t\t\t\u00a1Si! Cada una de las vacunas del COVID-19 tiene los mismos est\u00e1ndares y seguridad que todos los dem\u00e1s tipos de vacunas en los Estados Unidos. Solo las vacunas que cumplen con los criterios regulatorios aprobados por la Administraci\u00f3n de Alimentos y Medicamentos est\u00e1n disponibles para su uso. Los ensayos cl\u00ednicos tambi\u00e9n aseguraron la diversidad racial y \u00e9tnica. Las vacunas se desarrollaron r\u00e1pidamente porque:\n<ul>\n \t<li>El gobierno federal seleccion\u00f3 a las vacunas m\u00e1s prometedoras<\/li>\n \t<li>Mucha gente se ofreci\u00f3 como voluntarios para participar en ensayos cl\u00ednicos<\/li>\n \t<li>Pfizer y Moderna recibieron ayuda del gobierno<\/li>\n \t<li>El proceso de elaboraci\u00f3n comenz\u00f3 simult\u00e1neamente con las demostraciones de eficacia y seguridad de las vacunas.<\/li>\n \t<li>La eficacia de la vacuna del COVID-19 se mostr\u00f3 r\u00e1pidamente debido a la alta prevalencia de la enfermedad en todas las comunidades.<\/li>\n<\/ul>\t\t\t\t\t\t<\/div>\n\t\t\t\t<\/div>\n\t\t\t\t\t<\/div>\n\t\t<\/div>\n\t\t\t\t\t\t\t<\/div>\n\t\t<\/section>\n\t\t\t\t\t\t<\/div>\n\t\t\t\t\t<\/div>\n\t\t","protected":false},"excerpt":{"rendered":"<p>\u00bfQu\u00e9 es una vacuna? Una vacuna es un tipo de preparaci\u00f3n biol\u00f3gica que entrena al sistema inmunol\u00f3gico para combatir una enfermedad (como virus o bacterias). Esto ayuda al sistema inmunol\u00f3gico a reconocer y atacar la infecci\u00f3n, cuando no ha estado expuesto anteriormente. Las vacunas son importantes para mantener una buena salud del cuerpo y nos [&hellip;]<\/p>\n","protected":false},"author":1,"featured_media":0,"parent":0,"menu_order":0,"comment_status":"closed","ping_status":"closed","template":"","meta":[],"_links":{"self":[{"href":"https:\/\/www.chjl.org\/covid19\/wp-json\/wp\/v2\/pages\/1009"}],"collection":[{"href":"https:\/\/www.chjl.org\/covid19\/wp-json\/wp\/v2\/pages"}],"about":[{"href":"https:\/\/www.chjl.org\/covid19\/wp-json\/wp\/v2\/types\/page"}],"author":[{"embeddable":true,"href":"https:\/\/www.chjl.org\/covid19\/wp-json\/wp\/v2\/users\/1"}],"replies":[{"embeddable":true,"href":"https:\/\/www.chjl.org\/covid19\/wp-json\/wp\/v2\/comments?post=1009"}],"version-history":[{"count":49,"href":"https:\/\/www.chjl.org\/covid19\/wp-json\/wp\/v2\/pages\/1009\/revisions"}],"predecessor-version":[{"id":1348,"href":"https:\/\/www.chjl.org\/covid19\/wp-json\/wp\/v2\/pages\/1009\/revisions\/1348"}],"wp:attachment":[{"href":"https:\/\/www.chjl.org\/covid19\/wp-json\/wp\/v2\/media?parent=1009"}],"curies":[{"name":"wp","href":"https:\/\/api.w.org\/{rel}","templated":true}]}}