{"id":1037,"date":"2021-09-12T23:55:11","date_gmt":"2021-09-12T23:55:11","guid":{"rendered":"https:\/\/www.chjl.org\/covid19\/?page_id=1037"},"modified":"2021-09-26T20:17:09","modified_gmt":"2021-09-26T20:17:09","slug":"que-sigue","status":"publish","type":"page","link":"https:\/\/www.chjl.org\/covid19\/es\/que-sigue\/","title":{"rendered":"\u00bfQu\u00e9 Sigue?"},"content":{"rendered":"\t\t<div data-elementor-type=\"wp-page\" data-elementor-id=\"1037\" class=\"elementor elementor-1037\" data-elementor-settings=\"[]\">\n\t\t\t\t\t\t\t<div class=\"elementor-section-wrap\">\n\t\t\t\t\t\t\t<section class=\"elementor-section elementor-top-section elementor-element elementor-element-94e3711 elementor-section-content-middle elementor-section-boxed elementor-section-height-default elementor-section-height-default\" data-id=\"94e3711\" data-element_type=\"section\">\n\t\t\t\t\t\t<div class=\"elementor-container elementor-column-gap-no\">\n\t\t\t\t\t<div class=\"elementor-column elementor-col-50 elementor-top-column elementor-element elementor-element-1bc19bb\" data-id=\"1bc19bb\" data-element_type=\"column\">\n\t\t\t<div class=\"elementor-widget-wrap elementor-element-populated\">\n\t\t\t\t\t\t\t\t<div class=\"elementor-element elementor-element-5485adb elementor-widget elementor-widget-heading\" data-id=\"5485adb\" data-element_type=\"widget\" data-widget_type=\"heading.default\">\n\t\t\t\t<div class=\"elementor-widget-container\">\n\t\t\t<h3 class=\"elementor-heading-title elementor-size-default\">\u00bfQu\u00e9 Sigue? <\/h3>\t\t<\/div>\n\t\t\t\t<\/div>\n\t\t\t\t<div class=\"elementor-element elementor-element-30662ef elementor-widget-divider--view-line elementor-widget elementor-widget-divider\" data-id=\"30662ef\" data-element_type=\"widget\" data-widget_type=\"divider.default\">\n\t\t\t\t<div class=\"elementor-widget-container\">\n\t\t\t\t\t<div class=\"elementor-divider\">\n\t\t\t<span class=\"elementor-divider-separator\">\n\t\t\t\t\t\t<\/span>\n\t\t<\/div>\n\t\t\t\t<\/div>\n\t\t\t\t<\/div>\n\t\t\t\t<div class=\"elementor-element elementor-element-4c0102b elementor-widget elementor-widget-image\" data-id=\"4c0102b\" data-element_type=\"widget\" data-widget_type=\"image.default\">\n\t\t\t\t<div class=\"elementor-widget-container\">\n\t\t\t\t\t\t\t\t\t\t\t\t\t\t\t<img width=\"597\" height=\"398\" src=\"https:\/\/www.chjl.org\/covid19\/wp-content\/uploads\/2021\/06\/whatsnext_image.jpg\" class=\"attachment-large size-large\" alt=\"Man after vaccine\" loading=\"lazy\" srcset=\"https:\/\/www.chjl.org\/covid19\/wp-content\/uploads\/2021\/06\/whatsnext_image.jpg 597w, https:\/\/www.chjl.org\/covid19\/wp-content\/uploads\/2021\/06\/whatsnext_image-300x200.jpg 300w\" sizes=\"(max-width: 597px) 100vw, 597px\" \/>\t\t\t\t\t\t\t\t\t\t\t\t\t\t\t<\/div>\n\t\t\t\t<\/div>\n\t\t\t\t\t<\/div>\n\t\t<\/div>\n\t\t\t\t<div class=\"elementor-column elementor-col-50 elementor-top-column elementor-element elementor-element-035566b\" data-id=\"035566b\" data-element_type=\"column\">\n\t\t\t<div class=\"elementor-widget-wrap elementor-element-populated\">\n\t\t\t\t\t\t\t\t<div class=\"elementor-element elementor-element-8515595 elementor-widget elementor-widget-heading\" data-id=\"8515595\" data-element_type=\"widget\" data-widget_type=\"heading.default\">\n\t\t\t\t<div class=\"elementor-widget-container\">\n\t\t\t<h2 class=\"elementor-heading-title elementor-size-default\">\u00bfTodav\u00eda necesito usar una mascarilla despu\u00e9s de recibir la vacuna?<\/h2>\t\t<\/div>\n\t\t\t\t<\/div>\n\t\t\t\t<div class=\"elementor-element elementor-element-1ed275d elementor-widget elementor-widget-text-editor\" data-id=\"1ed275d\" data-element_type=\"widget\" data-widget_type=\"text-editor.default\">\n\t\t\t\t<div class=\"elementor-widget-container\">\n\t\t\t\t\t\t\t<p><u> Si est\u00e1 completamente vacunado<\/u>,\u00a0puede reiniciar sus actividades sin usar una m\u00e1scara o distanciarse f\u00edsicamente, excepto cuando lo exijan las leyes, reglas y regulaciones federales, estatales, locales, tribales o territoriales, incluyendo las normas laborales o de empresas a nivel local.<\/p>\t\t\t\t\t\t<\/div>\n\t\t\t\t<\/div>\n\t\t\t\t<div class=\"elementor-element elementor-element-2566c61 elementor-position-left elementor-view-default elementor-vertical-align-top elementor-widget elementor-widget-icon-box\" data-id=\"2566c61\" data-element_type=\"widget\" data-widget_type=\"icon-box.default\">\n\t\t\t\t<div class=\"elementor-widget-container\">\n\t\t\t\t\t<div class=\"elementor-icon-box-wrapper\">\n\t\t\t\t\t\t<div class=\"elementor-icon-box-icon\">\n\t\t\t\t<span class=\"elementor-icon elementor-animation-\" >\n\t\t\t\t<i aria-hidden=\"true\" class=\"fas fa-exclamation\"><\/i>\t\t\t\t<\/span>\n\t\t\t<\/div>\n\t\t\t\t\t\t<div class=\"elementor-icon-box-content\">\n\t\t\t\t<h3 class=\"elementor-icon-box-title\">\n\t\t\t\t\t<span  >\n\t\t\t\t\t\tNOTA:\t\t\t\t\t<\/span>\n\t\t\t\t<\/h3>\n\t\t\t\t\t\t\t\t\t<p class=\"elementor-icon-box-description\">\n\t\t\t\t\t\t<u>Uno se considera completamente vacunado<\/u>, ya sea 2 semanas despu\u00e9s de su segunda dosis en una serie de 2 dosis, como las vacunas de Pfizer o Moderna, o 2 semanas despu\u00e9s de una vacuna de dosis \u00fanica, como la vacuna Janssen de Johnson &amp; Johnson.  <a href=\"https:\/\/www.cdc.gov\/coronavirus\/2019-ncov\/vaccines\/fully-vaccinated.html\" target=\"_blank\" rel=\"noopener\">LINK &gt;<\/a>\t\t\t\t\t<\/p>\n\t\t\t\t\t\t\t<\/div>\n\t\t<\/div>\n\t\t\t\t<\/div>\n\t\t\t\t<\/div>\n\t\t\t\t<div class=\"elementor-element elementor-element-4977e33 elementor-widget elementor-widget-heading\" data-id=\"4977e33\" data-element_type=\"widget\" data-widget_type=\"heading.default\">\n\t\t\t\t<div class=\"elementor-widget-container\">\n\t\t\t<h2 class=\"elementor-heading-title elementor-size-default\">\u00bfCu\u00e1les son los beneficios de recibir la vacuna?<\/h2>\t\t<\/div>\n\t\t\t\t<\/div>\n\t\t\t\t<div class=\"elementor-element elementor-element-b82e397 elementor-widget elementor-widget-text-editor\" data-id=\"b82e397\" data-element_type=\"widget\" data-widget_type=\"text-editor.default\">\n\t\t\t\t<div class=\"elementor-widget-container\">\n\t\t\t\t\t\t\t<p>Aparte de los beneficios para la salud, si ha sido completamente vacunado:<\/p><ul><li>Puede reunirse en el interior con personas completamente vacunadas sin usar una m\u00e1scara o mantenerse a una distancia de seis pies.<\/li><li>Puede reunirse en el interior con personas no vacunadas de cualquier edad de otro hogar sin m\u00e1scaras o que se mantengan a una distancia de seis pies, a menos que alguna de esas personas o cualquier persona con la que viven tenga un mayor riesgo de enfermedad grave por COVID-19.<\/li><li>Puede reunirse o realizar actividades al aire libre sin usar una m\u00e1scara, excepto en ciertos lugares y lugares concurridos.<\/li><li>Si viaja a los Estados Unidos, no es necesario que se haga la prueba antes o despu\u00e9s del viaje ni se ponga en cuarentena despu\u00e9s del viaje.<\/li><li>Debe prestar mucha atenci\u00f3n a la situaci\u00f3n en su destino internacional antes de viajar fuera de los Estados Unidos.<ul><li>No necesita hacerse la prueba antes de salir de los Estados Unidos a menos que su destino as\u00ed lo requiera.<\/li><li>A\u00fan debe mostrar un resultado de prueba negativa o documentaci\u00f3n de recuperaci\u00f3n de COVID-19 antes de abordar un vuelo internacional a los Estados Unidos.<\/li><li>A\u00fan debe hacerse la prueba de tres a cinco d\u00edas despu\u00e9s del viaje internacional.<\/li><li>No es necesario que se ponga en cuarentena despu\u00e9s de llegar a los Estados Unidos.<\/li><\/ul><\/li><li>Si ha estado cerca de alguien que tiene COVID-19, no es necesario que se mantenga alejado de los dem\u00e1s ni que se haga la prueba a menos que tenga s\u00edntomas.<ul><li>Sin embargo, si vive en un entorno grupal como un centro correccional o de detenci\u00f3n o un hogar grupal y est\u00e1 cerca de alguien que tiene COVID-19, a\u00fan debe hacerse la prueba, incluso si no tiene s\u00edntomas.<\/li><\/ul><\/li><\/ul>\t\t\t\t\t\t<\/div>\n\t\t\t\t<\/div>\n\t\t\t\t<div class=\"elementor-element elementor-element-884cbb5 elementor-widget elementor-widget-heading\" data-id=\"884cbb5\" data-element_type=\"widget\" data-widget_type=\"heading.default\">\n\t\t\t\t<div class=\"elementor-widget-container\">\n\t\t\t<h2 class=\"elementor-heading-title elementor-size-default\">\u00bfQu\u00e9 vacunas est\u00e1n disponibles para tomar?<\/h2>\t\t<\/div>\n\t\t\t\t<\/div>\n\t\t\t\t<div class=\"elementor-element elementor-element-08a02d3 elementor-widget elementor-widget-text-editor\" data-id=\"08a02d3\" data-element_type=\"widget\" data-widget_type=\"text-editor.default\">\n\t\t\t\t<div class=\"elementor-widget-container\">\n\t\t\t\t\t\t\t<p>Hay tres tipos de vacunas disponibles y el CDC no recomienda una vacuna sobre otra. Ellas son:<\/p><ul><li><strong>Pfizer-BioNTech<\/strong><ul><li>Esta es una vacuna de mRNA<\/li><li>Las personas de 12 a\u00f1os o m\u00e1s pueden tomar esta vacuna<\/li><li>Recibi\u00f3 2 inyecciones con 3 semanas (21 d\u00edas) de diferencia<\/li><li>Estar\u00e1 t\u00e9cnicamente, completamente vacunado, 2 semanas despu\u00e9s de su segunda inyecci\u00f3n<\/li><\/ul><\/li><li><strong>Moderna<\/strong><ul><li>Esta es una vacuna de mRNA<\/li><li>Las personas mayores\u00a0de 18 a\u00f1os pueden recibir esta vacuna<\/li><li>Recibir\u00e1\u00a02 inyecciones con 4 semanas (28 d\u00edas) de diferencia<\/li><li>Estar\u00e1 t\u00e9cnicamente, completamente vacunado, 2 semanas despu\u00e9s de su segunda inyecci\u00f3n<\/li><\/ul><\/li><li><strong>Johnson &amp; Johnson Jassen<\/strong><ul><li>Esta es una vacuna de vector viral.<\/li><li>Las personas mayores de 18 a\u00f1os pueden recibir esta vacuna<\/li><li>Recibir\u00e1s 1 vacuna<\/li><li>Estar\u00e1 t\u00e9cnicamente, completamente vacunado, 2 semanas despu\u00e9s de su inyecci\u00f3n.<\/li><\/ul><\/li><\/ul>\t\t\t\t\t\t<\/div>\n\t\t\t\t<\/div>\n\t\t\t\t<div class=\"elementor-element elementor-element-a926ed1 elementor-widget elementor-widget-heading\" data-id=\"a926ed1\" data-element_type=\"widget\" data-widget_type=\"heading.default\">\n\t\t\t\t<div class=\"elementor-widget-container\">\n\t\t\t<h2 class=\"elementor-heading-title elementor-size-default\">\u00bfCu\u00e1les son los efectos secundarios de la vacuna?<\/h2>\t\t<\/div>\n\t\t\t\t<\/div>\n\t\t\t\t<div class=\"elementor-element elementor-element-5aad380 elementor-widget elementor-widget-text-editor\" data-id=\"5aad380\" data-element_type=\"widget\" data-widget_type=\"text-editor.default\">\n\t\t\t\t<div class=\"elementor-widget-container\">\n\t\t\t\t\t\t\t<p>Algunas personas experimentan efectos secundarios despu\u00e9s de recibir la vacuna, mientras que otras no, sin embargo, estos efectos son signos normales de que su cuerpo est\u00e1 construyendo protecci\u00f3n. Los siguientes efectos secundarios pueden afectar su capacidad para realizar las actividades diarias, pero deber\u00edan desaparecer en unos d\u00edas:<\/p><ul><li>En el brazo donde recibi\u00f3 la inyecci\u00f3n:<ul><li>Dolor<\/li><li>Enrojecimiento<\/li><li>Hinchaz\u00f3n<\/li><\/ul><\/li><li>En el resto de tu cuerpo:<ul><li>Cansancio<\/li><li>Dolor de cabeza<\/li><li>Dolor muscular<\/li><li>Escalofr\u00edos<\/li><li>Fiebre<\/li><li>Nausea<\/li><\/ul><\/li><\/ul><p>Deber\u00eda hablar con su m\u00e9dico sobre la posibilidad de tomar medicamentos de venta libre, como ibuprofeno, acetaminof\u00e9n, aspirina o antihistam\u00ednicos, para cualquier dolor o malestar que pueda experimentar despu\u00e9s de vacunarse.<\/p><p>Tenga en cuenta que no se recomienda que tome estos medicamentos antes de la vacunaci\u00f3n con el fin de tratar de prevenir efectos secundarios. Para reducir el dolor y la incomodidad donde recibi\u00f3 la inyecci\u00f3n:<\/p><ul><li>Aplique un pa\u00f1o limpio, fresco y h\u00famedo sobre el \u00e1rea<\/li><li>Use o ejercita tu brazo<\/li><\/ul><p>Para reducir las molestias causadas por la fiebre:<\/p><ul><li>Tome mucho liquido<\/li><li>V\u00edstase ligero<\/li><\/ul><p>Tenga en cuenta tambi\u00e9n que los efectos secundarios despu\u00e9s de la segunda inyecci\u00f3n pueden ser m\u00e1s intensos que los que experiment\u00f3 despu\u00e9s de la primera inyecci\u00f3n, si los hubiera. Sin embargo, estos efectos secundarios son se\u00f1ales normales de que su cuerpo est\u00e1 construyendo protecci\u00f3n y deber\u00edan desaparecer en unos pocos d\u00edas.<\/p><p>Aunque los efectos secundarios mencionados son normales. Comun\u00edquese con su m\u00e9dico o proveedor de atenci\u00f3n media:<\/p><ul><li>Si el enrojecimiento o la sensibilidad en el lugar donde recibi\u00f3 la inyecci\u00f3n empeora despu\u00e9s de 24 horas.<\/li><li>Si sus efectos secundarios le preocupan o parece que no desaparecen despu\u00e9s de unos d\u00edas.<\/li><\/ul>\t\t\t\t\t\t<\/div>\n\t\t\t\t<\/div>\n\t\t\t\t\t<\/div>\n\t\t<\/div>\n\t\t\t\t\t\t\t<\/div>\n\t\t<\/section>\n\t\t\t\t\t\t<\/div>\n\t\t\t\t\t<\/div>\n\t\t","protected":false},"excerpt":{"rendered":"<p>\u00bfQu\u00e9 Sigue? \u00bfTodav\u00eda necesito usar una mascarilla despu\u00e9s de recibir la vacuna? Si est\u00e1 completamente vacunado,&nbsp;puede reiniciar sus actividades sin usar una m\u00e1scara o distanciarse f\u00edsicamente, excepto cuando lo exijan las leyes, reglas y regulaciones federales, estatales, locales, tribales o territoriales, incluyendo las normas laborales o de empresas a nivel local. NOTA: Uno se considera [&hellip;]<\/p>\n","protected":false},"author":1,"featured_media":0,"parent":0,"menu_order":0,"comment_status":"closed","ping_status":"closed","template":"","meta":[],"_links":{"self":[{"href":"https:\/\/www.chjl.org\/covid19\/wp-json\/wp\/v2\/pages\/1037"}],"collection":[{"href":"https:\/\/www.chjl.org\/covid19\/wp-json\/wp\/v2\/pages"}],"about":[{"href":"https:\/\/www.chjl.org\/covid19\/wp-json\/wp\/v2\/types\/page"}],"author":[{"embeddable":true,"href":"https:\/\/www.chjl.org\/covid19\/wp-json\/wp\/v2\/users\/1"}],"replies":[{"embeddable":true,"href":"https:\/\/www.chjl.org\/covid19\/wp-json\/wp\/v2\/comments?post=1037"}],"version-history":[{"count":68,"href":"https:\/\/www.chjl.org\/covid19\/wp-json\/wp\/v2\/pages\/1037\/revisions"}],"predecessor-version":[{"id":1459,"href":"https:\/\/www.chjl.org\/covid19\/wp-json\/wp\/v2\/pages\/1037\/revisions\/1459"}],"wp:attachment":[{"href":"https:\/\/www.chjl.org\/covid19\/wp-json\/wp\/v2\/media?parent=1037"}],"curies":[{"name":"wp","href":"https:\/\/api.w.org\/{rel}","templated":true}]}}